{"id":18,"date":"2023-02-25T20:52:24","date_gmt":"2023-02-26T01:52:24","guid":{"rendered":"https:\/\/xbancroft.com\/home\/"},"modified":"2023-07-11T20:38:05","modified_gmt":"2023-07-12T00:38:05","slug":"home","status":"publish","type":"page","link":"https:\/\/xbancroft.com\/en\/","title":{"rendered":"Page d&rsquo;accueil"},"content":{"rendered":"\t\t<div data-elementor-type=\"wp-page\" data-elementor-id=\"18\" class=\"elementor elementor-18\">\n\t\t\t\t\t\t<section class=\"elementor-section elementor-top-section elementor-element elementor-element-50d2ade8 elementor-section-boxed elementor-section-height-default elementor-section-height-default\" data-id=\"50d2ade8\" data-element_type=\"section\" data-e-type=\"section\">\n\t\t\t\t\t\t<div class=\"elementor-container elementor-column-gap-default\">\n\t\t\t\t\t<div class=\"elementor-column elementor-col-100 elementor-top-column elementor-element elementor-element-2a46d04d\" data-id=\"2a46d04d\" data-element_type=\"column\" data-e-type=\"column\">\n\t\t\t<div class=\"elementor-widget-wrap elementor-element-populated\">\n\t\t\t\t\t\t<div class=\"elementor-element elementor-element-7aabfe71 elementor-widget__width-initial elementor-widget elementor-widget-text-editor\" data-id=\"7aabfe71\" data-element_type=\"widget\" data-e-type=\"widget\" data-widget_type=\"text-editor.default\">\n\t\t\t\t<div class=\"elementor-widget-container\">\n\t\t\t\t\t\t\t\t\t<p><\/p>\n<div class=\"wp-block-group alignfull has-primary-background-color has-background mb-0\"><div class=\"wp-block-group__inner-container is-layout-flow wp-block-group-is-layout-flow\">\n<p><\/p>\n<h3 class=\"has-text-align-center wp-block-heading\"><strong>\u00c9tude de cas sur la prestation de services de soins aux personnes incarc\u00e9r\u00e9es en Ontario (Canada) pendant qu&rsquo;elles \u00e9tainent enceintes<\/strong><\/h3>\n<\/div>\n<p><\/p>\n<p>\n\t\t<div class=\"coblocks-form\" id=\"c7dd114ce71e328b5b85a6fb11ea91aa5e168f03\">\n\n\t\t\t\n\t\t\t<form action=\"https:\/\/xbancroft.com\/en\/#c7dd114ce71e328b5b85a6fb11ea91aa5e168f03\" method=\"post\">\n\t\t\t\t<\/p>\n<div class=\"wp-block-coblocks-form\">\n<p><label class=\"coblocks-label\">Nom<\/label>\n\t\t<input type=\"hidden\" name=\"field-nom-2[label]\" value=\"Nom\">\n\n\t\t\t\t<input type=\"hidden\" id=\"name-field-id\" name=\"name-field-id\" class=\"coblocks-name-field-id\" value=\"field-nom-2\" \/>\n\t\t\t\t\t<div class=\"coblocks-form__inline-fields\">\n\t\t\t\t<div class=\"coblocks-form__inline-field\">\n\t\t\t\t\t<input type=\"text\" id=\"nom-2-firstname\" aria-label=\"Plus One First Name\" name=\"field-nom-2[value][first-name]\" class=\"coblocks-field coblocks-field--name first\"  \/>\n\t\t\t\t\t<small class=\"coblocks-form__subtext\">Pr\u00e9nom<\/small>\n\t\t\t\t<\/div>\n\n\t\t\t\t<div class=\"coblocks-form__inline-field\">\n\t\t\t\t\t<input type=\"text\" id=\"nom-2-lastname\" aria-label=\"Plus One Last Name\" name=\"field-nom-2[value][last-name]\" class=\"coblocks-field coblocks-field--name last\"  \/>\n\t\t\t\t\t<small class=\"coblocks-form__subtext\">Nom de famille<\/small>\n\t\t\t\t<\/div>\n\t\t\t<\/div>\n\n\t\t\t<\/p>\n<p><label class=\"coblocks-label\">Courriel <span class=\"required\">&#042;<\/span><\/label>\n\t\t<input type=\"hidden\" name=\"field-courriel[label]\" value=\"Courriel\">\n\n\t\t\n\t\t<input type=\"hidden\" id=\"email-field-id\" name=\"email-field-id\" class=\"coblocks-email-field-id\" value=\"field-courriel\" \/>\n\t\t<input type=\"email\" id=\"courriel\" aria-label=\"Courriel\" name=\"field-courriel[value]\" class=\"coblocks-field coblocks-field--email\" required \/>\n\n\t\t<\/p>\n<p><label class=\"coblocks-label\">Message <span class=\"required\">&#042;<\/span><\/label>\n\t\t<input type=\"hidden\" name=\"field-message-2[label]\" value=\"Message\">\n\n\t\t\n\t\t<textarea name=\"field-message-2[value]\" aria-label=\"Message\" id=\"message-2\" class=\"coblocks-field coblocks-textarea\" rows=\"20\" required><\/textarea>\n\n\t\t<\/p>\n<p>\n\t\t<div class=\"coblocks-form__submit wp-block-button\">\n\t\t\t<button type=\"submit\" class=\"wp-block-button__link\" style=\"\">Nous joindre<\/button>\n\t\t\t<input type=\"hidden\" id=\"form-submit\" name=\"form-submit\" value=\"7c3212957d\" \/><input type=\"hidden\" name=\"_wp_http_referer\" value=\"\/en\/wp-json\/wp\/v2\/pages\/18\" \/>\t\t\t<input type=\"hidden\" name=\"action\" value=\"coblocks-form-submit\">\n\n\t\t\t\t\t<\/div>\n\n\t\t<\/p>\n<\/div>\n<p>\t\t\t\t<input class=\"coblocks-field verify\" aria-label=\"Enter your email address to verify\" type=\"email\" name=\"coblocks-verify-email\" autocomplete=\"off\" placeholder=\"Email\" tabindex=\"-1\">\n\t\t\t\t<input type=\"hidden\" name=\"form-hash\" value=\"c7dd114ce71e328b5b85a6fb11ea91aa5e168f03\">\n\n\t\t\t\t\t\t\t<\/form>\n\n\t\t<\/div>\n\n\t\t<\/p>\n<p><div class=\"wp-block-coblocks-shape-divider alignfull coblocks-shape-divider-824164346836 is-style-waves has-primary-color is-horizontally-flipped mt-0 mb-0\" style=\"\" aria-hidden=\"true\">\n\t\t\t<div class=\"wp-block-coblocks-shape-divider__svg-wrapper\" style=\"height:100px;\">\n\t\t\t\t<svg class=\"divider--waves\" fill=\"\" xmlns=\"http:\/\/www.w3.org\/2000\/svg\" viewBox=\"0 0 1000 300\" preserveAspectRatio=\"none\"><path d=\"M 1000 299 l 2 -279 c -155 -36 -310 135 -415 164 c -102.64 28.35 -149 -32 -232 -31 c -80 1 -142 53 -229 80 c -65.54 20.34 -101 15 -126 11.61 v 54.39 z\"><\/path><path d=\"M 1000 286 l 2 -252 c -157 -43 -302 144 -405 178 c -101.11 33.38 -159 -47 -242 -46 c -80 1 -145.09 54.07 -229 87 c -65.21 25.59 -104.07 16.72 -126 10.61 v 22.39 z\"><\/path><path d=\"M 1000 300 l 1 -230.29 c -217 -12.71 -300.47 129.15 -404 156.29 c -103 27 -174 -30 -257 -29 c -80 1 -130.09 37.07 -214 70 c -61.23 24 -108 15.61 -126 10.61 v 22.39 z\"><\/path><\/svg>\n\t\t\t<\/div>\n\t\t\t<div class=\"wp-block-coblocks-shape-divider__alt-wrapper\" style=\"height:50px;\"><\/div>\n\t\t<\/div><\/p>\t\t\t\t\t\t\t\t<\/div>\n\t\t\t\t<\/div>\n\t\t\t\t<div class=\"elementor-element elementor-element-6e2375c elementor-invisible elementor-widget elementor-widget-image\" data-id=\"6e2375c\" data-element_type=\"widget\" data-e-type=\"widget\" data-settings=\"{&quot;_animation&quot;:&quot;zoomIn&quot;}\" data-widget_type=\"image.default\">\n\t\t\t\t<div class=\"elementor-widget-container\">\n\t\t\t\t\t<style>.elementor-element-6e2375c{display:none !important}<\/style>\t\t\t\t<\/div>\n\t\t\t\t<\/div>\n\t\t\t\t<div class=\"elementor-element elementor-element-7862890 elementor-invisible elementor-widget elementor-widget-image\" data-id=\"7862890\" data-element_type=\"widget\" data-e-type=\"widget\" data-settings=\"{&quot;_animation&quot;:&quot;zoomIn&quot;}\" data-widget_type=\"image.default\">\n\t\t\t\t<div class=\"elementor-widget-container\">\n\t\t\t\t\t\t\t\t\t\t\t\t\t\t\t<img fetchpriority=\"high\" decoding=\"async\" width=\"259\" height=\"300\" src=\"https:\/\/xbancroft.com\/wp-content\/uploads\/2023\/07\/LogoMakr-3Im2Qh-300dpi-259x300.png\" class=\"attachment-medium size-medium wp-image-1066\" alt=\"\" srcset=\"https:\/\/xbancroft.com\/wp-content\/uploads\/2023\/07\/LogoMakr-3Im2Qh-300dpi-259x300.png 259w, https:\/\/xbancroft.com\/wp-content\/uploads\/2023\/07\/LogoMakr-3Im2Qh-300dpi-884x1024.png 884w, https:\/\/xbancroft.com\/wp-content\/uploads\/2023\/07\/LogoMakr-3Im2Qh-300dpi-768x890.png 768w, https:\/\/xbancroft.com\/wp-content\/uploads\/2023\/07\/LogoMakr-3Im2Qh-300dpi-1326x1536.png 1326w, https:\/\/xbancroft.com\/wp-content\/uploads\/2023\/07\/LogoMakr-3Im2Qh-300dpi-1768x2048.png 1768w, https:\/\/xbancroft.com\/wp-content\/uploads\/2023\/07\/LogoMakr-3Im2Qh-300dpi-10x12.png 10w, https:\/\/xbancroft.com\/wp-content\/uploads\/2023\/07\/LogoMakr-3Im2Qh-300dpi-600x695.png 600w\" sizes=\"(max-width: 259px) 100vw, 259px\" \/>\t\t\t\t\t\t\t\t\t\t\t\t\t\t\t<\/div>\n\t\t\t\t<\/div>\n\t\t\t\t\t<\/div>\n\t\t<\/div>\n\t\t\t\t\t<\/div>\n\t\t<\/section>\n\t\t\t\t<section class=\"elementor-section elementor-top-section elementor-element elementor-element-21d4cd7 elementor-section-boxed elementor-section-height-default elementor-section-height-default\" data-id=\"21d4cd7\" data-element_type=\"section\" data-e-type=\"section\">\n\t\t\t\t\t\t<div class=\"elementor-container elementor-column-gap-default\">\n\t\t\t\t\t<div class=\"elementor-column elementor-col-100 elementor-top-column elementor-element elementor-element-12a8815\" data-id=\"12a8815\" data-element_type=\"column\" data-e-type=\"column\">\n\t\t\t<div class=\"elementor-widget-wrap elementor-element-populated\">\n\t\t\t\t\t\t<div class=\"elementor-element elementor-element-2e80166 elementor-widget elementor-widget-heading\" data-id=\"2e80166\" data-element_type=\"widget\" data-e-type=\"widget\" data-widget_type=\"heading.default\">\n\t\t\t\t<div class=\"elementor-widget-container\">\n\t\t\t\t\t<h2 class=\"elementor-heading-title elementor-size-default\"><h2 class=\"elementor-heading-title elementor-size-default elementor-inline-editing pen\" data-elementor-setting-key=\"title\" data-pen-placeholder=\"Saisir ici...\" style=\"font-family: var( --e-global-typography-primary-font-family ), Sans-serif;font-style: normal;font-weight: var( --e-global-typography-primary-font-weight );letter-spacing: normal;font-size: var(--go--type-scale-5)\">Personnes qui \u00e9taient enceintes pendant leur incarc\u00e9ration<\/h2><\/h2>\t\t\t\t<\/div>\n\t\t\t\t<\/div>\n\t\t\t\t<div class=\"elementor-element elementor-element-2dd624c elementor-widget elementor-widget-text-editor\" data-id=\"2dd624c\" data-element_type=\"widget\" data-e-type=\"widget\" data-widget_type=\"text-editor.default\">\n\t\t\t\t<div class=\"elementor-widget-container\">\n\t\t\t\t\t\t\t\t\t<p>On recherche des participant(e)s qui ont \u00e9t\u00e9 incarc\u00e9r\u00e9es dans un \u00e9tablissement f\u00e9d\u00e9ral ou provincial de l&rsquo;Ontario alors qu&rsquo;elles \u00e9taient enceintes. Il n&rsquo;y a pas d&rsquo;exigences li\u00e9es \u00e0 la dur\u00e9e ou \u00e0 l&rsquo;issue de la grossesse. L\u2019\u00e9tude explore les exp\u00e9riences des personnes qui ont \u00e9t\u00e9 incarc\u00e9r\u00e9es alors qu&rsquo;elles \u00e9taient enceintes.<\/p>\t\t\t\t\t\t\t\t<\/div>\n\t\t\t\t<\/div>\n\t\t\t\t<div class=\"elementor-element elementor-element-cb97665 elementor-align-left elementor-widget elementor-widget-button\" data-id=\"cb97665\" data-element_type=\"widget\" data-e-type=\"widget\" data-widget_type=\"button.default\">\n\t\t\t\t<div class=\"elementor-widget-container\">\n\t\t\t\t\t\t\t\t\t<div class=\"elementor-button-wrapper\">\n\t\t\t\t\t<a class=\"elementor-button elementor-button-link elementor-size-sm\" href=\"https:\/\/xbancroft.com\/personnes-enceintes\/\">\n\t\t\t\t\t\t<span class=\"elementor-button-content-wrapper\">\n\t\t\t\t\t\t\t\t\t<span class=\"elementor-button-text\">Cliquez ici pour plus d'informations sur comment vous pouvez participer<\/span>\n\t\t\t\t\t<\/span>\n\t\t\t\t\t<\/a>\n\t\t\t\t<\/div>\n\t\t\t\t\t\t\t\t<\/div>\n\t\t\t\t<\/div>\n\t\t\t\t\t<\/div>\n\t\t<\/div>\n\t\t\t\t\t<\/div>\n\t\t<\/section>\n\t\t\t\t<section class=\"elementor-section elementor-top-section elementor-element elementor-element-76d622f elementor-section-boxed elementor-section-height-default elementor-section-height-default\" data-id=\"76d622f\" data-element_type=\"section\" data-e-type=\"section\">\n\t\t\t\t\t\t<div class=\"elementor-container elementor-column-gap-default\">\n\t\t\t\t\t<div class=\"elementor-column elementor-col-100 elementor-top-column elementor-element elementor-element-4909afa\" data-id=\"4909afa\" data-element_type=\"column\" data-e-type=\"column\">\n\t\t\t<div class=\"elementor-widget-wrap elementor-element-populated\">\n\t\t\t\t\t\t<div class=\"elementor-element elementor-element-cf14391 elementor-widget elementor-widget-spacer\" data-id=\"cf14391\" data-element_type=\"widget\" data-e-type=\"widget\" data-widget_type=\"spacer.default\">\n\t\t\t\t<div class=\"elementor-widget-container\">\n\t\t\t\t\t\t\t<div class=\"elementor-spacer\">\n\t\t\t<div class=\"elementor-spacer-inner\"><\/div>\n\t\t<\/div>\n\t\t\t\t\t\t<\/div>\n\t\t\t\t<\/div>\n\t\t\t\t<div class=\"elementor-element elementor-element-e0fb06c elementor-widget elementor-widget-spacer\" data-id=\"e0fb06c\" data-element_type=\"widget\" data-e-type=\"widget\" data-widget_type=\"spacer.default\">\n\t\t\t\t<div class=\"elementor-widget-container\">\n\t\t\t\t\t\t\t<div class=\"elementor-spacer\">\n\t\t\t<div class=\"elementor-spacer-inner\"><\/div>\n\t\t<\/div>\n\t\t\t\t\t\t<\/div>\n\t\t\t\t<\/div>\n\t\t\t\t\t<\/div>\n\t\t<\/div>\n\t\t\t\t\t<\/div>\n\t\t<\/section>\n\t\t\t\t<section class=\"elementor-section elementor-top-section elementor-element elementor-element-a5f76bd elementor-section-boxed elementor-section-height-default elementor-section-height-default\" data-id=\"a5f76bd\" data-element_type=\"section\" data-e-type=\"section\">\n\t\t\t\t\t\t<div class=\"elementor-container elementor-column-gap-default\">\n\t\t\t\t\t<div class=\"elementor-column elementor-col-100 elementor-top-column elementor-element elementor-element-db2f532\" data-id=\"db2f532\" data-element_type=\"column\" data-e-type=\"column\">\n\t\t\t<div class=\"elementor-widget-wrap elementor-element-populated\">\n\t\t\t\t\t\t<div class=\"elementor-element elementor-element-b6395c7 elementor-widget elementor-widget-heading\" data-id=\"b6395c7\" data-element_type=\"widget\" data-e-type=\"widget\" data-widget_type=\"heading.default\">\n\t\t\t\t<div class=\"elementor-widget-container\">\n\t\t\t\t\t<h2 class=\"elementor-heading-title elementor-size-default\"><span style=\"font-size: 46.6009px\">Prestataires de services sociaux et de sant\u00e9<\/span><\/h2>\t\t\t\t<\/div>\n\t\t\t\t<\/div>\n\t\t\t\t<div class=\"elementor-element elementor-element-20b793c elementor-widget elementor-widget-text-editor\" data-id=\"20b793c\" data-element_type=\"widget\" data-e-type=\"widget\" data-widget_type=\"text-editor.default\">\n\t\t\t\t<div class=\"elementor-widget-container\">\n\t\t\t\t\t\t\t\t\t<p><span style=\"text-align: justify;\">On recherche des participants qui ont de l\u2019exp\u00e9rience en tant que prestataire de services aupr\u00e8s de clientes qui \u00e9taient enceintes lorsqu\u2019elles \u00e9taient incarc\u00e9r\u00e9es dans un \u00e9tablissement f\u00e9d\u00e9ral ou provincial de l&rsquo;Ontario. Les types de prestataires de services peuvent inclure, sans s&rsquo;y limiter, des infirmi\u00e8res, des sages-femmes, des m\u00e9decins, des travailleurs sociaux, des doulas, etc.<\/span><\/p>\t\t\t\t\t\t\t\t<\/div>\n\t\t\t\t<\/div>\n\t\t\t\t<div class=\"elementor-element elementor-element-686cb90 elementor-align-left elementor-widget elementor-widget-button\" data-id=\"686cb90\" data-element_type=\"widget\" data-e-type=\"widget\" data-widget_type=\"button.default\">\n\t\t\t\t<div class=\"elementor-widget-container\">\n\t\t\t\t\t\t\t\t\t<div class=\"elementor-button-wrapper\">\n\t\t\t\t\t<a class=\"elementor-button elementor-button-link elementor-size-sm\" href=\"https:\/\/xbancroft.com\/prestataire-de-services\/\">\n\t\t\t\t\t\t<span class=\"elementor-button-content-wrapper\">\n\t\t\t\t\t\t\t\t\t<span class=\"elementor-button-text\">Cliquez ici pour plus d'informations sur comment vous pouvez participer<\/span>\n\t\t\t\t\t<\/span>\n\t\t\t\t\t<\/a>\n\t\t\t\t<\/div>\n\t\t\t\t\t\t\t\t<\/div>\n\t\t\t\t<\/div>\n\t\t\t\t\t<\/div>\n\t\t<\/div>\n\t\t\t\t\t<\/div>\n\t\t<\/section>\n\t\t\t\t<section class=\"elementor-section elementor-top-section elementor-element elementor-element-e38a3c9 elementor-section-boxed elementor-section-height-default elementor-section-height-default\" data-id=\"e38a3c9\" data-element_type=\"section\" data-e-type=\"section\">\n\t\t\t\t\t\t<div class=\"elementor-container elementor-column-gap-default\">\n\t\t\t\t\t<div class=\"elementor-column elementor-col-100 elementor-top-column elementor-element elementor-element-aa02b6a\" data-id=\"aa02b6a\" data-element_type=\"column\" data-e-type=\"column\">\n\t\t\t<div class=\"elementor-widget-wrap elementor-element-populated\">\n\t\t\t\t\t\t<div class=\"elementor-element elementor-element-8c0d51f elementor-widget elementor-widget-spacer\" data-id=\"8c0d51f\" data-element_type=\"widget\" data-e-type=\"widget\" data-widget_type=\"spacer.default\">\n\t\t\t\t<div class=\"elementor-widget-container\">\n\t\t\t\t\t\t\t<div class=\"elementor-spacer\">\n\t\t\t<div class=\"elementor-spacer-inner\"><\/div>\n\t\t<\/div>\n\t\t\t\t\t\t<\/div>\n\t\t\t\t<\/div>\n\t\t\t\t\t<\/div>\n\t\t<\/div>\n\t\t\t\t\t<\/div><\/div>\n\t\t<\/section>\n\t\t\t\t<\/div>\n\t\t","protected":false},"excerpt":{"rendered":"<p>\u00c9tude de cas sur la prestation de services de soins aux personnes incarc\u00e9r\u00e9es en Ontario (Canada) pendant qu&rsquo;elles \u00e9tainent enceintes<\/p>","protected":false},"author":1,"featured_media":0,"parent":0,"menu_order":0,"comment_status":"closed","ping_status":"closed","template":"elementor_header_footer","meta":{"_coblocks_attr":"","_coblocks_dimensions":"","_coblocks_responsive_height":"","_coblocks_accordion_ie_support":"","_eb_attr":"","hide_page_title":"","footnotes":""},"class_list":["post-18","page","type-page","status-publish","hentry"],"featured_image_src":null,"_links":{"self":[{"href":"https:\/\/xbancroft.com\/en\/wp-json\/wp\/v2\/pages\/18","targetHints":{"allow":["GET"]}}],"collection":[{"href":"https:\/\/xbancroft.com\/en\/wp-json\/wp\/v2\/pages"}],"about":[{"href":"https:\/\/xbancroft.com\/en\/wp-json\/wp\/v2\/types\/page"}],"author":[{"embeddable":true,"href":"https:\/\/xbancroft.com\/en\/wp-json\/wp\/v2\/users\/1"}],"replies":[{"embeddable":true,"href":"https:\/\/xbancroft.com\/en\/wp-json\/wp\/v2\/comments?post=18"}],"version-history":[{"count":419,"href":"https:\/\/xbancroft.com\/en\/wp-json\/wp\/v2\/pages\/18\/revisions"}],"predecessor-version":[{"id":1165,"href":"https:\/\/xbancroft.com\/en\/wp-json\/wp\/v2\/pages\/18\/revisions\/1165"}],"wp:attachment":[{"href":"https:\/\/xbancroft.com\/en\/wp-json\/wp\/v2\/media?parent=18"}],"curies":[{"name":"wp","href":"https:\/\/api.w.org\/{rel}","templated":true}]}}