{"id":1472,"date":"2024-03-08T23:14:45","date_gmt":"2024-03-09T04:14:45","guid":{"rendered":"https:\/\/xbancroft.com\/?page_id=1472"},"modified":"2024-03-10T07:23:05","modified_gmt":"2024-03-10T11:23:05","slug":"bourses","status":"publish","type":"page","link":"https:\/\/xbancroft.com\/en\/bourses\/","title":{"rendered":"Awards, Scholarships and Funding"},"content":{"rendered":"<div data-elementor-type=\"wp-page\" data-elementor-id=\"1472\" class=\"elementor elementor-1472\">\n\t\t\t\t\t\t<section class=\"elementor-section elementor-top-section elementor-element elementor-element-e52f1c8 elementor-section-boxed elementor-section-height-default elementor-section-height-default\" data-id=\"e52f1c8\" data-element_type=\"section\" data-e-type=\"section\">\n\t\t\t\t\t\t<div class=\"elementor-container elementor-column-gap-default\">\n\t\t\t\t\t<div class=\"elementor-column elementor-col-100 elementor-top-column elementor-element elementor-element-f90acd8\" data-id=\"f90acd8\" data-element_type=\"column\" data-e-type=\"column\">\n\t\t\t<div class=\"elementor-widget-wrap elementor-element-populated\">\n\t\t\t\t\t\t<div class=\"elementor-element elementor-element-5ba14d0 elementor-widget__width-initial elementor-widget elementor-widget-heading\" data-id=\"5ba14d0\" data-element_type=\"widget\" data-e-type=\"widget\" data-widget_type=\"heading.default\">\n\t\t\t\t<div class=\"elementor-widget-container\">\n\t\t\t\t\t<h2 class=\"elementor-heading-title elementor-size-default\">Awards, Scholarships and Funding<\/h2>\t\t\t\t<\/div>\n\t\t\t\t<\/div>\n\t\t\t\t<div class=\"elementor-element elementor-element-35b99ab elementor-widget elementor-widget-spacer\" data-id=\"35b99ab\" data-element_type=\"widget\" data-e-type=\"widget\" data-widget_type=\"spacer.default\">\n\t\t\t\t<div class=\"elementor-widget-container\">\n\t\t\t\t\t\t\t<div class=\"elementor-spacer\">\n\t\t\t<div class=\"elementor-spacer-inner\"><\/div>\n\t\t<\/div>\n\t\t\t\t\t\t<\/div>\n\t\t\t\t<\/div>\n\t\t\t\t\t<\/div>\n\t\t<\/div>\n\t\t\t\t\t<\/div>\n\t\t<\/section>\n\t\t\t\t<section class=\"elementor-section elementor-top-section elementor-element elementor-element-656678e elementor-section-boxed elementor-section-height-default elementor-section-height-default\" data-id=\"656678e\" data-element_type=\"section\" data-e-type=\"section\">\n\t\t\t\t\t\t<div class=\"elementor-container elementor-column-gap-default\">\n\t\t\t\t\t<div class=\"elementor-column elementor-col-100 elementor-top-column elementor-element elementor-element-71f1aba\" data-id=\"71f1aba\" data-element_type=\"column\" data-e-type=\"column\">\n\t\t\t<div class=\"elementor-widget-wrap elementor-element-populated\">\n\t\t\t\t\t\t<div class=\"elementor-element elementor-element-51df93b elementor-widget elementor-widget-spacer\" data-id=\"51df93b\" data-element_type=\"widget\" data-e-type=\"widget\" data-widget_type=\"spacer.default\">\n\t\t\t\t<div class=\"elementor-widget-container\">\n\t\t\t\t\t\t\t<div class=\"elementor-spacer\">\n\t\t\t<div class=\"elementor-spacer-inner\"><\/div>\n\t\t<\/div>\n\t\t\t\t\t\t<\/div>\n\t\t\t\t<\/div>\n\t\t\t\t<div class=\"elementor-element elementor-element-ab46159 elementor-widget elementor-widget-spacer\" data-id=\"ab46159\" data-element_type=\"widget\" data-e-type=\"widget\" data-widget_type=\"spacer.default\">\n\t\t\t\t<div class=\"elementor-widget-container\">\n\t\t\t\t\t\t\t<div class=\"elementor-spacer\">\n\t\t\t<div class=\"elementor-spacer-inner\"><\/div>\n\t\t<\/div>\n\t\t\t\t\t\t<\/div>\n\t\t\t\t<\/div>\n\t\t\t\t<div class=\"elementor-element elementor-element-149a3a7 elementor-widget__width-initial elementor-absolute elementor-widget elementor-widget-image\" data-id=\"149a3a7\" data-element_type=\"widget\" data-e-type=\"widget\" data-settings=\"{&quot;_position&quot;:&quot;absolute&quot;}\" data-widget_type=\"image.default\">\n\t\t\t\t<div class=\"elementor-widget-container\">\n\t\t\t\t\t\t\t\t\t\t\t\t\t\t\t<img decoding=\"async\" width=\"297\" height=\"112\" src=\"https:\/\/xbancroft.com\/wp-content\/uploads\/2024\/03\/logo-savoir-montfort.png\" class=\"attachment-large size-large wp-image-1475\" alt=\"\" srcset=\"https:\/\/xbancroft.com\/wp-content\/uploads\/2024\/03\/logo-savoir-montfort.png 297w, https:\/\/xbancroft.com\/wp-content\/uploads\/2024\/03\/logo-savoir-montfort-18x7.png 18w\" sizes=\"(max-width: 297px) 100vw, 297px\" \/>\t\t\t\t\t\t\t\t\t\t\t\t\t\t\t<\/div>\n\t\t\t\t<\/div>\n\t\t\t\t<div class=\"elementor-element elementor-element-2e86b9d elementor-widget elementor-widget-text-editor\" data-id=\"2e86b9d\" data-element_type=\"widget\" data-e-type=\"widget\" data-widget_type=\"text-editor.default\">\n\t\t\t\t<div class=\"elementor-widget-container\">\n\t\t\t\t\t\t\t\t\t<ul><li><span style=\"color: #000000;\">Institut du Savoir Montfort (ISM) PhD Scholarship (2023 - 2024)<\/span><\/li><\/ul>\t\t\t\t\t\t\t\t<\/div>\n\t\t\t\t<\/div>\n\t\t\t\t<div class=\"elementor-element elementor-element-d21aea1 elementor-widget elementor-widget-spacer\" data-id=\"d21aea1\" data-element_type=\"widget\" data-e-type=\"widget\" data-widget_type=\"spacer.default\">\n\t\t\t\t<div class=\"elementor-widget-container\">\n\t\t\t\t\t\t\t<div class=\"elementor-spacer\">\n\t\t\t<div class=\"elementor-spacer-inner\"><\/div>\n\t\t<\/div>\n\t\t\t\t\t\t<\/div>\n\t\t\t\t<\/div>\n\t\t\t\t\t<\/div>\n\t\t<\/div>\n\t\t\t\t\t<\/div>\n\t\t<\/section>\n\t\t\t\t<section class=\"elementor-section elementor-top-section elementor-element elementor-element-c661653 elementor-section-boxed elementor-section-height-default elementor-section-height-default\" data-id=\"c661653\" data-element_type=\"section\" data-e-type=\"section\">\n\t\t\t\t\t\t<div class=\"elementor-container elementor-column-gap-default\">\n\t\t\t\t\t<div class=\"elementor-column elementor-col-100 elementor-top-column elementor-element elementor-element-24d78bb\" data-id=\"24d78bb\" data-element_type=\"column\" data-e-type=\"column\">\n\t\t\t<div class=\"elementor-widget-wrap elementor-element-populated\">\n\t\t\t\t\t\t<div class=\"elementor-element elementor-element-1ab0184 elementor-widget__width-initial elementor-absolute elementor-widget elementor-widget-image\" data-id=\"1ab0184\" data-element_type=\"widget\" data-e-type=\"widget\" data-settings=\"{&quot;_position&quot;:&quot;absolute&quot;}\" data-widget_type=\"image.default\">\n\t\t\t\t<div class=\"elementor-widget-container\">\n\t\t\t\t\t\t\t\t\t\t\t\t\t\t\t<img fetchpriority=\"high\" decoding=\"async\" width=\"1002\" height=\"268\" src=\"https:\/\/xbancroft.com\/wp-content\/uploads\/2024\/03\/uOttawa.png\" class=\"attachment-1536x1536 size-1536x1536 wp-image-1559\" alt=\"\" srcset=\"https:\/\/xbancroft.com\/wp-content\/uploads\/2024\/03\/uOttawa.png 1002w, https:\/\/xbancroft.com\/wp-content\/uploads\/2024\/03\/uOttawa-300x80.png 300w, https:\/\/xbancroft.com\/wp-content\/uploads\/2024\/03\/uOttawa-768x205.png 768w, https:\/\/xbancroft.com\/wp-content\/uploads\/2024\/03\/uOttawa-18x5.png 18w, https:\/\/xbancroft.com\/wp-content\/uploads\/2024\/03\/uOttawa-600x160.png 600w\" sizes=\"(max-width: 1002px) 100vw, 1002px\" \/>\t\t\t\t\t\t\t\t\t\t\t\t\t\t\t<\/div>\n\t\t\t\t<\/div>\n\t\t\t\t<div class=\"elementor-element elementor-element-3ead406 elementor-widget elementor-widget-spacer\" data-id=\"3ead406\" data-element_type=\"widget\" data-e-type=\"widget\" data-widget_type=\"spacer.default\">\n\t\t\t\t<div class=\"elementor-widget-container\">\n\t\t\t\t\t\t\t<div class=\"elementor-spacer\">\n\t\t\t<div class=\"elementor-spacer-inner\"><\/div>\n\t\t<\/div>\n\t\t\t\t\t\t<\/div>\n\t\t\t\t<\/div>\n\t\t\t\t<div class=\"elementor-element elementor-element-b5e6d8c elementor-widget elementor-widget-text-editor\" data-id=\"b5e6d8c\" data-element_type=\"widget\" data-e-type=\"widget\" data-widget_type=\"text-editor.default\">\n\t\t\t\t<div class=\"elementor-widget-container\">\n\t\t\t\t\t\t\t\t\t<ul><li><span style=\"color: #000000;\">Bourse d&rsquo;admission au Doctorat en sant\u00e9 des populations (2020 &#8211; 2024)<\/span><\/li><li><span style=\"color: #000000;\">Roger Guindon Scholarship (2023)<\/span><\/li><li><span style=\"color: #000000;\">Prix d&rsquo;excellence de la doyenne : Prix de l&rsquo;\u00e9tudiante &#8211; cycle sup\u00e9rieur, \u00c9cole interdisciplinaire des sciences de la sant\u00e9 (2022)<\/span><\/li><\/ul>\t\t\t\t\t\t\t\t<\/div>\n\t\t\t\t<\/div>\n\t\t\t\t<div class=\"elementor-element elementor-element-06023ef elementor-widget elementor-widget-spacer\" data-id=\"06023ef\" data-element_type=\"widget\" data-e-type=\"widget\" data-widget_type=\"spacer.default\">\n\t\t\t\t<div class=\"elementor-widget-container\">\n\t\t\t\t\t\t\t<div class=\"elementor-spacer\">\n\t\t\t<div class=\"elementor-spacer-inner\"><\/div>\n\t\t<\/div>\n\t\t\t\t\t\t<\/div>\n\t\t\t\t<\/div>\n\t\t\t\t\t<\/div>\n\t\t<\/div>\n\t\t\t\t\t<\/div>\n\t\t<\/section>\n\t\t\t\t<section class=\"elementor-section elementor-top-section elementor-element elementor-element-8b880ac elementor-section-boxed elementor-section-height-default elementor-section-height-default\" data-id=\"8b880ac\" data-element_type=\"section\" data-e-type=\"section\">\n\t\t\t\t\t\t<div class=\"elementor-container elementor-column-gap-default\">\n\t\t\t\t\t<div class=\"elementor-column elementor-col-100 elementor-top-column elementor-element elementor-element-39cfb51\" data-id=\"39cfb51\" data-element_type=\"column\" data-e-type=\"column\">\n\t\t\t<div class=\"elementor-widget-wrap elementor-element-populated\">\n\t\t\t\t\t\t<div class=\"elementor-element elementor-element-c832cef elementor-widget__width-initial elementor-absolute elementor-widget elementor-widget-image\" data-id=\"c832cef\" data-element_type=\"widget\" data-e-type=\"widget\" data-settings=\"{&quot;_position&quot;:&quot;absolute&quot;}\" data-widget_type=\"image.default\">\n\t\t\t\t<div class=\"elementor-widget-container\">\n\t\t\t\t\t\t\t\t\t\t\t\t\t\t\t<img decoding=\"async\" width=\"300\" height=\"99\" src=\"https:\/\/xbancroft.com\/wp-content\/uploads\/2024\/03\/government-of-ontario-logo-52004B6CBE-seeklogo.com_.png\" class=\"attachment-medium_large size-medium_large wp-image-1474\" alt=\"\" srcset=\"https:\/\/xbancroft.com\/wp-content\/uploads\/2024\/03\/government-of-ontario-logo-52004B6CBE-seeklogo.com_.png 300w, https:\/\/xbancroft.com\/wp-content\/uploads\/2024\/03\/government-of-ontario-logo-52004B6CBE-seeklogo.com_-18x6.png 18w\" sizes=\"(max-width: 300px) 100vw, 300px\" \/>\t\t\t\t\t\t\t\t\t\t\t\t\t\t\t<\/div>\n\t\t\t\t<\/div>\n\t\t\t\t<div class=\"elementor-element elementor-element-dd1858f elementor-widget elementor-widget-spacer\" data-id=\"dd1858f\" data-element_type=\"widget\" data-e-type=\"widget\" data-widget_type=\"spacer.default\">\n\t\t\t\t<div class=\"elementor-widget-container\">\n\t\t\t\t\t\t\t<div class=\"elementor-spacer\">\n\t\t\t<div class=\"elementor-spacer-inner\"><\/div>\n\t\t<\/div>\n\t\t\t\t\t\t<\/div>\n\t\t\t\t<\/div>\n\t\t\t\t<div class=\"elementor-element elementor-element-0f3b0bf elementor-widget elementor-widget-text-editor\" data-id=\"0f3b0bf\" data-element_type=\"widget\" data-e-type=\"widget\" data-widget_type=\"text-editor.default\">\n\t\t\t\t<div class=\"elementor-widget-container\">\n\t\t\t\t\t\t\t\t\t<ul><li>Bourses d&rsquo;\u00e9tudes sup\u00e9rieures de l\u2019Ontario (B\u00c9SO), financ\u00e9e conjointement par la province de l\u2019Ontario et l\u2019Universit\u00e9 d\u2019Ottawa (2023 &#8211; 2024)<\/li><\/ul>\t\t\t\t\t\t\t\t<\/div>\n\t\t\t\t<\/div>\n\t\t\t\t\t<\/div>\n\t\t<\/div>\n\t\t\t\t\t<\/div>\n\t\t<\/section>\n\t\t\t\t<\/div>","protected":false},"excerpt":{"rendered":"<p>Prix, bourses et financements Bourse de doctorat de l\u2019Institut du Savoir Montfort (ISM) (2023 &#8211; 2024) Bourse d&rsquo;admission au Doctorat en sant\u00e9 des populations (2020 &#8211; 2024) Bourse Roger Guindon (2023) Prix d&rsquo;excellence de la doyenne : Prix de l&rsquo;\u00e9tudiante &#8211; cycle sup\u00e9rieur, \u00c9cole interdisciplinaire des sciences de la sant\u00e9 (2022) Bourses d&rsquo;\u00e9tudes sup\u00e9rieures de [&hellip;]<\/p>\n","protected":false},"author":1,"featured_media":0,"parent":0,"menu_order":0,"comment_status":"closed","ping_status":"closed","template":"elementor_header_footer","meta":{"_coblocks_attr":"","_coblocks_dimensions":"","_coblocks_responsive_height":"","_coblocks_accordion_ie_support":"","_eb_attr":"","hide_page_title":"","footnotes":""},"class_list":["post-1472","page","type-page","status-publish","hentry"],"featured_image_src":null,"_links":{"self":[{"href":"https:\/\/xbancroft.com\/en\/wp-json\/wp\/v2\/pages\/1472","targetHints":{"allow":["GET"]}}],"collection":[{"href":"https:\/\/xbancroft.com\/en\/wp-json\/wp\/v2\/pages"}],"about":[{"href":"https:\/\/xbancroft.com\/en\/wp-json\/wp\/v2\/types\/page"}],"author":[{"embeddable":true,"href":"https:\/\/xbancroft.com\/en\/wp-json\/wp\/v2\/users\/1"}],"replies":[{"embeddable":true,"href":"https:\/\/xbancroft.com\/en\/wp-json\/wp\/v2\/comments?post=1472"}],"version-history":[{"count":143,"href":"https:\/\/xbancroft.com\/en\/wp-json\/wp\/v2\/pages\/1472\/revisions"}],"predecessor-version":[{"id":1632,"href":"https:\/\/xbancroft.com\/en\/wp-json\/wp\/v2\/pages\/1472\/revisions\/1632"}],"wp:attachment":[{"href":"https:\/\/xbancroft.com\/en\/wp-json\/wp\/v2\/media?parent=1472"}],"curies":[{"name":"wp","href":"https:\/\/api.w.org\/{rel}","templated":true}]}}