{"id":107,"date":"2023-02-26T18:01:39","date_gmt":"2023-02-26T23:01:39","guid":{"rendered":"https:\/\/xbancroft.com\/?page_id=107"},"modified":"2024-03-28T22:14:57","modified_gmt":"2024-03-29T02:14:57","slug":"materiaux-de-recrutement","status":"publish","type":"page","link":"https:\/\/xbancroft.com\/en\/materiaux-de-recrutement\/","title":{"rendered":"Recruitment Materials"},"content":{"rendered":"<div data-elementor-type=\"wp-page\" data-elementor-id=\"107\" class=\"elementor elementor-107\">\n\t\t\t\t\t\t<section class=\"elementor-section elementor-top-section elementor-element elementor-element-782053e elementor-section-boxed elementor-section-height-default elementor-section-height-default\" data-id=\"782053e\" data-element_type=\"section\" data-e-type=\"section\">\n\t\t\t\t\t\t<div class=\"elementor-container elementor-column-gap-default\">\n\t\t\t\t\t<div class=\"elementor-column elementor-col-100 elementor-top-column elementor-element elementor-element-3b8ef39\" data-id=\"3b8ef39\" data-element_type=\"column\" data-e-type=\"column\">\n\t\t\t<div class=\"elementor-widget-wrap\">\n\t\t\t\t\t\t\t<\/div>\n\t\t<\/div>\n\t\t\t\t\t<\/div>\n\t\t<\/section>\n\t\t\t\t<section class=\"elementor-section elementor-top-section elementor-element elementor-element-39fc8b3 elementor-section-boxed elementor-section-height-default elementor-section-height-default\" data-id=\"39fc8b3\" data-element_type=\"section\" data-e-type=\"section\">\n\t\t\t\t\t\t<div class=\"elementor-container elementor-column-gap-default\">\n\t\t\t\t\t<div class=\"elementor-column elementor-col-100 elementor-top-column elementor-element elementor-element-93ae166\" data-id=\"93ae166\" data-element_type=\"column\" data-e-type=\"column\">\n\t\t\t<div class=\"elementor-widget-wrap elementor-element-populated\">\n\t\t\t\t\t\t<div class=\"elementor-element elementor-element-7db107e elementor-widget elementor-widget-heading\" data-id=\"7db107e\" data-element_type=\"widget\" data-e-type=\"widget\" data-widget_type=\"heading.default\">\n\t\t\t\t<div class=\"elementor-widget-container\">\n\t\t\t\t\t<h2 class=\"elementor-heading-title elementor-size-default\">Recruitment Materials<\/h2>\t\t\t\t<\/div>\n\t\t\t\t<\/div>\n\t\t\t\t\t<\/div>\n\t\t<\/div>\n\t\t\t\t\t<\/div>\n\t\t<\/section>\n\t\t\t\t<section class=\"elementor-section elementor-top-section elementor-element elementor-element-c16e64d elementor-section-boxed elementor-section-height-default elementor-section-height-default\" data-id=\"c16e64d\" data-element_type=\"section\" data-e-type=\"section\">\n\t\t\t\t\t\t<div class=\"elementor-container elementor-column-gap-default\">\n\t\t\t\t\t<div class=\"elementor-column elementor-col-100 elementor-top-column elementor-element elementor-element-8374231\" data-id=\"8374231\" data-element_type=\"column\" data-e-type=\"column\">\n\t\t\t<div class=\"elementor-widget-wrap elementor-element-populated\">\n\t\t\t\t\t\t<div class=\"elementor-element elementor-element-95e3dcd elementor-widget elementor-widget-heading\" data-id=\"95e3dcd\" data-element_type=\"widget\" data-e-type=\"widget\" data-widget_type=\"heading.default\">\n\t\t\t\t<div class=\"elementor-widget-container\">\n\t\t\t\t\t<h2 class=\"elementor-heading-title elementor-size-default\">Pregnant Individuals<\/h2>\t\t\t\t<\/div>\n\t\t\t\t<\/div>\n\t\t\t\t\t<\/div>\n\t\t<\/div>\n\t\t\t\t\t<\/div>\n\t\t<\/section>\n\t\t\t\t<section class=\"elementor-section elementor-top-section elementor-element elementor-element-40f8966 elementor-section-boxed elementor-section-height-default elementor-section-height-default\" data-id=\"40f8966\" data-element_type=\"section\" data-e-type=\"section\">\n\t\t\t\t\t\t<div class=\"elementor-container elementor-column-gap-default\">\n\t\t\t\t\t<div class=\"elementor-column elementor-col-100 elementor-top-column elementor-element elementor-element-a69bcbc\" data-id=\"a69bcbc\" data-element_type=\"column\" data-e-type=\"column\">\n\t\t\t<div class=\"elementor-widget-wrap elementor-element-populated\">\n\t\t\t\t\t\t<section class=\"elementor-section elementor-inner-section elementor-element elementor-element-c892bcf elementor-section-boxed elementor-section-height-default elementor-section-height-default\" data-id=\"c892bcf\" data-element_type=\"section\" data-e-type=\"section\">\n\t\t\t\t\t\t<div class=\"elementor-container elementor-column-gap-default\">\n\t\t\t\t\t<div class=\"elementor-column elementor-col-50 elementor-inner-column elementor-element elementor-element-e437aa7\" data-id=\"e437aa7\" data-element_type=\"column\" data-e-type=\"column\">\n\t\t\t<div class=\"elementor-widget-wrap elementor-element-populated\">\n\t\t\t\t\t\t<div class=\"elementor-element elementor-element-c9d6371 elementor-widget elementor-widget-image\" data-id=\"c9d6371\" data-element_type=\"widget\" data-e-type=\"widget\" data-widget_type=\"image.default\">\n\t\t\t\t<div class=\"elementor-widget-container\">\n\t\t\t\t\t\t\t\t\t\t\t\t\t\t\t<img fetchpriority=\"high\" decoding=\"async\" width=\"512\" height=\"1024\" src=\"https:\/\/xbancroft.com\/wp-content\/uploads\/2024\/03\/English-Incarcerated-Pregnant-512x1024.png\" class=\"attachment-large size-large wp-image-1647\" alt=\"\" srcset=\"https:\/\/xbancroft.com\/wp-content\/uploads\/2024\/03\/English-Incarcerated-Pregnant-512x1024.png 512w, https:\/\/xbancroft.com\/wp-content\/uploads\/2024\/03\/English-Incarcerated-Pregnant-150x300.png 150w, https:\/\/xbancroft.com\/wp-content\/uploads\/2024\/03\/English-Incarcerated-Pregnant-768x1536.png 768w, https:\/\/xbancroft.com\/wp-content\/uploads\/2024\/03\/English-Incarcerated-Pregnant-6x12.png 6w, https:\/\/xbancroft.com\/wp-content\/uploads\/2024\/03\/English-Incarcerated-Pregnant-600x1200.png 600w, https:\/\/xbancroft.com\/wp-content\/uploads\/2024\/03\/English-Incarcerated-Pregnant.png 1000w\" sizes=\"(max-width: 512px) 100vw, 512px\" \/>\t\t\t\t\t\t\t\t\t\t\t\t\t\t\t<\/div>\n\t\t\t\t<\/div>\n\t\t\t\t\t<\/div>\n\t\t<\/div>\n\t\t\t\t<div class=\"elementor-column elementor-col-50 elementor-inner-column elementor-element elementor-element-5bf1e7b\" data-id=\"5bf1e7b\" data-element_type=\"column\" data-e-type=\"column\">\n\t\t\t<div class=\"elementor-widget-wrap elementor-element-populated\">\n\t\t\t\t\t\t<div class=\"elementor-element elementor-element-91bb715 elementor-widget elementor-widget-image\" data-id=\"91bb715\" data-element_type=\"widget\" data-e-type=\"widget\" data-widget_type=\"image.default\">\n\t\t\t\t<div class=\"elementor-widget-container\">\n\t\t\t\t\t\t\t\t\t\t\t\t\t\t\t<img decoding=\"async\" width=\"660\" height=\"880\" src=\"https:\/\/xbancroft.com\/wp-content\/uploads\/2023\/09\/2023-09-14-ENGLISH-Recruitment-Information-Sheet-768x1024.png\" class=\"attachment-large size-large wp-image-1458\" alt=\"\" srcset=\"https:\/\/xbancroft.com\/wp-content\/uploads\/2023\/09\/2023-09-14-ENGLISH-Recruitment-Information-Sheet-768x1024.png 768w, https:\/\/xbancroft.com\/wp-content\/uploads\/2023\/09\/2023-09-14-ENGLISH-Recruitment-Information-Sheet-225x300.png 225w, https:\/\/xbancroft.com\/wp-content\/uploads\/2023\/09\/2023-09-14-ENGLISH-Recruitment-Information-Sheet-1152x1536.png 1152w, https:\/\/xbancroft.com\/wp-content\/uploads\/2023\/09\/2023-09-14-ENGLISH-Recruitment-Information-Sheet-1536x2048.png 1536w, https:\/\/xbancroft.com\/wp-content\/uploads\/2023\/09\/2023-09-14-ENGLISH-Recruitment-Information-Sheet-9x12.png 9w, https:\/\/xbancroft.com\/wp-content\/uploads\/2023\/09\/2023-09-14-ENGLISH-Recruitment-Information-Sheet-600x800.png 600w, https:\/\/xbancroft.com\/wp-content\/uploads\/2023\/09\/2023-09-14-ENGLISH-Recruitment-Information-Sheet.png 1728w\" sizes=\"(max-width: 660px) 100vw, 660px\" \/>\t\t\t\t\t\t\t\t\t\t\t\t\t\t\t<\/div>\n\t\t\t\t<\/div>\n\t\t\t\t\t<\/div>\n\t\t<\/div>\n\t\t\t\t\t<\/div>\n\t\t<\/section>\n\t\t\t\t\t<\/div>\n\t\t<\/div>\n\t\t\t\t\t<\/div>\n\t\t<\/section>\n\t\t\t\t<section class=\"elementor-section elementor-top-section elementor-element elementor-element-8cecd7b elementor-section-boxed elementor-section-height-default elementor-section-height-default\" data-id=\"8cecd7b\" data-element_type=\"section\" data-e-type=\"section\">\n\t\t\t\t\t\t<div class=\"elementor-container elementor-column-gap-default\">\n\t\t\t\t\t<div class=\"elementor-column elementor-col-100 elementor-top-column elementor-element elementor-element-c7fd16c\" data-id=\"c7fd16c\" data-element_type=\"column\" data-e-type=\"column\">\n\t\t\t<div class=\"elementor-widget-wrap elementor-element-populated\">\n\t\t\t\t\t\t<div class=\"elementor-element elementor-element-16aec9e elementor-align-center elementor-widget elementor-widget-button\" data-id=\"16aec9e\" data-element_type=\"widget\" data-e-type=\"widget\" data-widget_type=\"button.default\">\n\t\t\t\t<div class=\"elementor-widget-container\">\n\t\t\t\t\t\t\t\t\t<div class=\"elementor-button-wrapper\">\n\t\t\t\t\t<a class=\"elementor-button elementor-button-link elementor-size-md elementor-animation-grow\" href=\"https:\/\/xbancroft.com\/wp-content\/uploads\/2023\/07\/2023.07.15_Recruitment_Enceinte.zip\" download=\"All documents\">\n\t\t\t\t\t\t<span class=\"elementor-button-content-wrapper\">\n\t\t\t\t\t\t<span class=\"elementor-button-icon\">\n\t\t\t\t<i aria-hidden=\"true\" class=\"fas fa-download\"><\/i>\t\t\t<\/span>\n\t\t\t\t\t\t\t\t\t<span class=\"elementor-button-text\">T\u00e9l\u00e9charger les documents (fran\u00e7ais et anglais)<\/span>\n\t\t\t\t\t<\/span>\n\t\t\t\t\t<\/a>\n\t\t\t\t<\/div>\n\t\t\t\t\t\t\t\t<\/div>\n\t\t\t\t<\/div>\n\t\t\t\t\t<\/div>\n\t\t<\/div>\n\t\t\t\t\t<\/div>\n\t\t<\/section>\n\t\t\t\t<section class=\"elementor-section elementor-top-section elementor-element elementor-element-93d82cf elementor-section-boxed elementor-section-height-default elementor-section-height-default\" data-id=\"93d82cf\" data-element_type=\"section\" data-e-type=\"section\">\n\t\t\t\t\t\t<div class=\"elementor-container elementor-column-gap-default\">\n\t\t\t\t\t<div class=\"elementor-column elementor-col-100 elementor-top-column elementor-element elementor-element-0497686\" data-id=\"0497686\" data-element_type=\"column\" data-e-type=\"column\">\n\t\t\t<div class=\"elementor-widget-wrap elementor-element-populated\">\n\t\t\t\t\t\t<div class=\"elementor-element elementor-element-ac72de0 elementor-widget-divider--view-line elementor-widget elementor-widget-divider\" data-id=\"ac72de0\" data-element_type=\"widget\" data-e-type=\"widget\" data-widget_type=\"divider.default\">\n\t\t\t\t<div class=\"elementor-widget-container\">\n\t\t\t\t\t\t\t<div class=\"elementor-divider\">\n\t\t\t<span class=\"elementor-divider-separator\">\n\t\t\t\t\t\t<\/span>\n\t\t<\/div>\n\t\t\t\t\t\t<\/div>\n\t\t\t\t<\/div>\n\t\t\t\t\t<\/div>\n\t\t<\/div>\n\t\t\t\t\t<\/div>\n\t\t<\/section>\n\t\t\t\t<section class=\"elementor-section elementor-top-section elementor-element elementor-element-e2667fd elementor-section-boxed elementor-section-height-default elementor-section-height-default\" data-id=\"e2667fd\" data-element_type=\"section\" data-e-type=\"section\">\n\t\t\t\t\t\t<div class=\"elementor-container elementor-column-gap-default\">\n\t\t\t\t\t<div class=\"elementor-column elementor-col-100 elementor-top-column elementor-element elementor-element-9873544\" data-id=\"9873544\" data-element_type=\"column\" data-e-type=\"column\">\n\t\t\t<div class=\"elementor-widget-wrap elementor-element-populated\">\n\t\t\t\t\t\t<div class=\"elementor-element elementor-element-7ef268e elementor-widget elementor-widget-heading\" data-id=\"7ef268e\" data-element_type=\"widget\" data-e-type=\"widget\" data-widget_type=\"heading.default\">\n\t\t\t\t<div class=\"elementor-widget-container\">\n\t\t\t\t\t<h2 class=\"elementor-heading-title elementor-size-default\">Service Providers<\/h2>\t\t\t\t<\/div>\n\t\t\t\t<\/div>\n\t\t\t\t\t<\/div>\n\t\t<\/div>\n\t\t\t\t\t<\/div>\n\t\t<\/section>\n\t\t\t\t<section class=\"elementor-section elementor-top-section elementor-element elementor-element-42f2434 elementor-section-boxed elementor-section-height-default elementor-section-height-default\" data-id=\"42f2434\" data-element_type=\"section\" data-e-type=\"section\">\n\t\t\t\t\t\t<div class=\"elementor-container elementor-column-gap-default\">\n\t\t\t\t\t<div class=\"elementor-column elementor-col-50 elementor-top-column elementor-element elementor-element-4d72c93\" data-id=\"4d72c93\" data-element_type=\"column\" data-e-type=\"column\">\n\t\t\t<div class=\"elementor-widget-wrap elementor-element-populated\">\n\t\t\t\t\t\t<div class=\"elementor-element elementor-element-7c97824 elementor-widget elementor-widget-image\" data-id=\"7c97824\" data-element_type=\"widget\" data-e-type=\"widget\" data-widget_type=\"image.default\">\n\t\t\t\t<div class=\"elementor-widget-container\">\n\t\t\t\t\t\t\t\t\t\t\t\t\t\t\t<img decoding=\"async\" width=\"512\" height=\"1024\" src=\"https:\/\/xbancroft.com\/wp-content\/uploads\/2024\/03\/English-Midwives-Nurses-Doulas-Physicians-Recruitment-Mix-of-Providers-2-512x1024.png\" class=\"attachment-large size-large wp-image-1651\" alt=\"\" srcset=\"https:\/\/xbancroft.com\/wp-content\/uploads\/2024\/03\/English-Midwives-Nurses-Doulas-Physicians-Recruitment-Mix-of-Providers-2-512x1024.png 512w, https:\/\/xbancroft.com\/wp-content\/uploads\/2024\/03\/English-Midwives-Nurses-Doulas-Physicians-Recruitment-Mix-of-Providers-2-150x300.png 150w, https:\/\/xbancroft.com\/wp-content\/uploads\/2024\/03\/English-Midwives-Nurses-Doulas-Physicians-Recruitment-Mix-of-Providers-2-768x1536.png 768w, https:\/\/xbancroft.com\/wp-content\/uploads\/2024\/03\/English-Midwives-Nurses-Doulas-Physicians-Recruitment-Mix-of-Providers-2-6x12.png 6w, https:\/\/xbancroft.com\/wp-content\/uploads\/2024\/03\/English-Midwives-Nurses-Doulas-Physicians-Recruitment-Mix-of-Providers-2-600x1200.png 600w, https:\/\/xbancroft.com\/wp-content\/uploads\/2024\/03\/English-Midwives-Nurses-Doulas-Physicians-Recruitment-Mix-of-Providers-2.png 1000w\" sizes=\"(max-width: 512px) 100vw, 512px\" \/>\t\t\t\t\t\t\t\t\t\t\t\t\t\t\t<\/div>\n\t\t\t\t<\/div>\n\t\t\t\t\t<\/div>\n\t\t<\/div>\n\t\t\t\t<div class=\"elementor-column elementor-col-50 elementor-top-column elementor-element elementor-element-322cee7\" data-id=\"322cee7\" data-element_type=\"column\" data-e-type=\"column\">\n\t\t\t<div class=\"elementor-widget-wrap elementor-element-populated\">\n\t\t\t\t\t\t<div class=\"elementor-element elementor-element-b010895 elementor-widget elementor-widget-image\" data-id=\"b010895\" data-element_type=\"widget\" data-e-type=\"widget\" data-widget_type=\"image.default\">\n\t\t\t\t<div class=\"elementor-widget-container\">\n\t\t\t\t\t\t\t\t\t\t\t\t\t\t\t<img loading=\"lazy\" decoding=\"async\" width=\"660\" height=\"660\" src=\"https:\/\/xbancroft.com\/wp-content\/uploads\/2023\/09\/2023.09.07-Service-Providers-Social-Media-English-1024x1024.png\" class=\"attachment-large size-large wp-image-1436\" alt=\"\" srcset=\"https:\/\/xbancroft.com\/wp-content\/uploads\/2023\/09\/2023.09.07-Service-Providers-Social-Media-English-1024x1024.png 1024w, https:\/\/xbancroft.com\/wp-content\/uploads\/2023\/09\/2023.09.07-Service-Providers-Social-Media-English-300x300.png 300w, https:\/\/xbancroft.com\/wp-content\/uploads\/2023\/09\/2023.09.07-Service-Providers-Social-Media-English-150x150.png 150w, https:\/\/xbancroft.com\/wp-content\/uploads\/2023\/09\/2023.09.07-Service-Providers-Social-Media-English-768x768.png 768w, https:\/\/xbancroft.com\/wp-content\/uploads\/2023\/09\/2023.09.07-Service-Providers-Social-Media-English-12x12.png 12w, https:\/\/xbancroft.com\/wp-content\/uploads\/2023\/09\/2023.09.07-Service-Providers-Social-Media-English-600x600.png 600w, https:\/\/xbancroft.com\/wp-content\/uploads\/2023\/09\/2023.09.07-Service-Providers-Social-Media-English-100x100.png 100w, https:\/\/xbancroft.com\/wp-content\/uploads\/2023\/09\/2023.09.07-Service-Providers-Social-Media-English.png 1080w\" sizes=\"(max-width: 660px) 100vw, 660px\" \/>\t\t\t\t\t\t\t\t\t\t\t\t\t\t\t<\/div>\n\t\t\t\t<\/div>\n\t\t\t\t\t<\/div>\n\t\t<\/div>\n\t\t\t\t\t<\/div>\n\t\t<\/section>\n\t\t\t\t<section class=\"elementor-section elementor-top-section elementor-element elementor-element-097be01 elementor-section-boxed elementor-section-height-default elementor-section-height-default\" data-id=\"097be01\" data-element_type=\"section\" data-e-type=\"section\">\n\t\t\t\t\t\t<div class=\"elementor-container elementor-column-gap-default\">\n\t\t\t\t\t<div class=\"elementor-column elementor-col-100 elementor-top-column elementor-element elementor-element-7659e2f\" data-id=\"7659e2f\" data-element_type=\"column\" data-e-type=\"column\">\n\t\t\t<div class=\"elementor-widget-wrap elementor-element-populated\">\n\t\t\t\t\t\t<div class=\"elementor-element elementor-element-fcfda73 elementor-align-center elementor-widget elementor-widget-button\" data-id=\"fcfda73\" data-element_type=\"widget\" data-e-type=\"widget\" data-widget_type=\"button.default\">\n\t\t\t\t<div class=\"elementor-widget-container\">\n\t\t\t\t\t\t\t\t\t<div class=\"elementor-button-wrapper\">\n\t\t\t\t\t<a class=\"elementor-button elementor-button-link elementor-size-md elementor-animation-grow\" href=\"https:\/\/xbancroft.com\/wp-content\/uploads\/2023\/07\/2023.07.15-Provider-Recruitment-Poster.zip\" download=\"All documents\">\n\t\t\t\t\t\t<span class=\"elementor-button-content-wrapper\">\n\t\t\t\t\t\t<span class=\"elementor-button-icon\">\n\t\t\t\t<i aria-hidden=\"true\" class=\"fas fa-download\"><\/i>\t\t\t<\/span>\n\t\t\t\t\t\t\t\t\t<span class=\"elementor-button-text\">T\u00e9l\u00e9charger les documents (fran\u00e7ais et anglais)<\/span>\n\t\t\t\t\t<\/span>\n\t\t\t\t\t<\/a>\n\t\t\t\t<\/div>\n\t\t\t\t\t\t\t\t<\/div>\n\t\t\t\t<\/div>\n\t\t\t\t\t<\/div>\n\t\t<\/div>\n\t\t\t\t\t<\/div>\n\t\t<\/section>\n\t\t\t\t<\/div>","protected":false},"excerpt":{"rendered":"<p>Mat\u00e9riaux de recrutement Personnes enceintes T\u00e9l\u00e9charger les documents (fran\u00e7ais et anglais) Prestataires de services T\u00e9l\u00e9charger les documents (fran\u00e7ais et anglais)<\/p>","protected":false},"author":1,"featured_media":0,"parent":0,"menu_order":0,"comment_status":"closed","ping_status":"closed","template":"elementor_header_footer","meta":{"_coblocks_attr":"","_coblocks_dimensions":"","_coblocks_responsive_height":"","_coblocks_accordion_ie_support":"","_eb_attr":"","hide_page_title":"","footnotes":""},"class_list":["post-107","page","type-page","status-publish","hentry"],"featured_image_src":null,"_links":{"self":[{"href":"https:\/\/xbancroft.com\/en\/wp-json\/wp\/v2\/pages\/107","targetHints":{"allow":["GET"]}}],"collection":[{"href":"https:\/\/xbancroft.com\/en\/wp-json\/wp\/v2\/pages"}],"about":[{"href":"https:\/\/xbancroft.com\/en\/wp-json\/wp\/v2\/types\/page"}],"author":[{"embeddable":true,"href":"https:\/\/xbancroft.com\/en\/wp-json\/wp\/v2\/users\/1"}],"replies":[{"embeddable":true,"href":"https:\/\/xbancroft.com\/en\/wp-json\/wp\/v2\/comments?post=107"}],"version-history":[{"count":235,"href":"https:\/\/xbancroft.com\/en\/wp-json\/wp\/v2\/pages\/107\/revisions"}],"predecessor-version":[{"id":1654,"href":"https:\/\/xbancroft.com\/en\/wp-json\/wp\/v2\/pages\/107\/revisions\/1654"}],"wp:attachment":[{"href":"https:\/\/xbancroft.com\/en\/wp-json\/wp\/v2\/media?parent=107"}],"curies":[{"name":"wp","href":"https:\/\/api.w.org\/{rel}","templated":true}]}}